{"id":253,"date":"2024-08-05T21:24:06","date_gmt":"2024-08-05T21:24:06","guid":{"rendered":"https:\/\/fts.jln.mybluehost.me\/website_e6e311e6\/?page_id=253"},"modified":"2025-10-24T16:10:51","modified_gmt":"2025-10-24T20:10:51","slug":"publicaciones","status":"publish","type":"page","link":"https:\/\/legalcomplianceltda.cl\/website_e6e311e6\/publicaciones\/","title":{"rendered":"PUBLICACIONES"},"content":{"rendered":"\t\t<div data-elementor-type=\"wp-page\" data-elementor-id=\"253\" class=\"elementor elementor-253\" data-elementor-post-type=\"page\">\n\t\t\t\t<div class=\"elementor-element elementor-element-4689071 e-con-full e-flex e-con e-parent\" data-id=\"4689071\" data-element_type=\"container\" data-e-type=\"container\" data-settings=\"{&quot;background_background&quot;:&quot;classic&quot;}\">\n\t\t<div class=\"elementor-element elementor-element-71099d7c e-con-full e-flex e-con e-child\" data-id=\"71099d7c\" data-element_type=\"container\" data-e-type=\"container\" data-settings=\"{&quot;background_background&quot;:&quot;classic&quot;}\">\n\t\t\t\t<div class=\"elementor-element elementor-element-7fa2c357 elementor-widget elementor-widget-heading\" data-id=\"7fa2c357\" data-element_type=\"widget\" data-e-type=\"widget\" data-widget_type=\"heading.default\">\n\t\t\t\t<div class=\"elementor-widget-container\">\n\t\t\t\t\t<h2 class=\"elementor-heading-title elementor-size-default\">Conocimiento y Tendencias en Compliance<\/h2>\t\t\t\t<\/div>\n\t\t\t\t<\/div>\n\t\t\t\t<div class=\"elementor-element elementor-element-ea8e6cb elementor-widget elementor-widget-text-editor\" data-id=\"ea8e6cb\" data-element_type=\"widget\" data-e-type=\"widget\" data-widget_type=\"text-editor.default\">\n\t\t\t\t<div class=\"elementor-widget-container\">\n\t\t\t\t\t\t\t\t\t<p>Art\u00edculos, an\u00e1lisis y novedades sobre normativas, regulaciones y mejores pr\u00e1cticas<\/p>\t\t\t\t\t\t\t\t<\/div>\n\t\t\t\t<\/div>\n\t\t\t\t<\/div>\n\t\t\t\t<\/div>\n\t\t<div class=\"elementor-element elementor-element-499b22c8 e-flex e-con-boxed e-con e-parent\" data-id=\"499b22c8\" data-element_type=\"container\" data-e-type=\"container\">\n\t\t\t\t\t<div class=\"e-con-inner\">\n\t\t\t\t<div class=\"elementor-element elementor-element-6da15b1 elementor-widget__width-initial elementor-widget-tablet__width-inherit elementor-widget elementor-widget-text-editor\" data-id=\"6da15b1\" data-element_type=\"widget\" data-e-type=\"widget\" data-widget_type=\"text-editor.default\">\n\t\t\t\t<div class=\"elementor-widget-container\">\n\t\t\t\t\t\t\t\t\t<p>En esta secci\u00f3n encontrar\u00e1s art\u00edculos, an\u00e1lisis y gu\u00edas sobre cumplimiento normativo, regulaciones, buenas pr\u00e1cticas y tendencias. Nuestro objetivo es ofrecer contenido actualizado y \u00fatil para apoyar a organizaciones y profesionales en sus decisiones y en el fortalecimiento de sus programas de compliance.<\/p>\t\t\t\t\t\t\t\t<\/div>\n\t\t\t\t<\/div>\n\t\t\t\t<div class=\"elementor-element elementor-element-6fa13cff elementor-nav-menu--dropdown-tablet elementor-nav-menu__text-align-aside elementor-nav-menu--toggle elementor-nav-menu--burger elementor-widget elementor-widget-nav-menu\" data-id=\"6fa13cff\" data-element_type=\"widget\" data-e-type=\"widget\" data-settings=\"{&quot;layout&quot;:&quot;horizontal&quot;,&quot;submenu_icon&quot;:{&quot;value&quot;:&quot;&lt;svg class=\\&quot;e-font-icon-svg e-fas-caret-down\\&quot; viewBox=\\&quot;0 0 320 512\\&quot; xmlns=\\&quot;http:\\\/\\\/www.w3.org\\\/2000\\\/svg\\&quot;&gt;&lt;path d=\\&quot;M31.3 192h257.3c17.8 0 26.7 21.5 14.1 34.1L174.1 354.8c-7.8 7.8-20.5 7.8-28.3 0L17.2 226.1C4.6 213.5 13.5 192 31.3 192z\\&quot;&gt;&lt;\\\/path&gt;&lt;\\\/svg&gt;&quot;,&quot;library&quot;:&quot;fa-solid&quot;},&quot;toggle&quot;:&quot;burger&quot;}\" data-widget_type=\"nav-menu.default\">\n\t\t\t\t<div class=\"elementor-widget-container\">\n\t\t\t\t\t\t\t\t<nav aria-label=\"Menu\" class=\"elementor-nav-menu--main elementor-nav-menu__container elementor-nav-menu--layout-horizontal e--pointer-underline e--animation-fade\">\n\t\t\t\t<ul id=\"menu-1-6fa13cff\" class=\"elementor-nav-menu\"><li class=\"menu-item menu-item-type-taxonomy menu-item-object-category menu-item-4179\"><a href=\"https:\/\/legalcomplianceltda.cl\/website_e6e311e6\/category\/todos\/\" class=\"elementor-item\">Todos<\/a><\/li>\n<li class=\"menu-item menu-item-type-taxonomy menu-item-object-category menu-item-4124\"><a href=\"https:\/\/legalcomplianceltda.cl\/website_e6e311e6\/category\/compliance-corporativo\/\" class=\"elementor-item\">Compliance Corporativo<\/a><\/li>\n<li class=\"menu-item menu-item-type-taxonomy menu-item-object-category menu-item-4125\"><a href=\"https:\/\/legalcomplianceltda.cl\/website_e6e311e6\/category\/compliance-laboral\/\" class=\"elementor-item\">Compliance Laboral<\/a><\/li>\n<li class=\"menu-item menu-item-type-taxonomy menu-item-object-category menu-item-4126\"><a href=\"https:\/\/legalcomplianceltda.cl\/website_e6e311e6\/category\/novedades\/\" class=\"elementor-item\">Novedades<\/a><\/li>\n<\/ul>\t\t\t<\/nav>\n\t\t\t\t\t<div class=\"elementor-menu-toggle\" role=\"button\" tabindex=\"0\" aria-label=\"Menu Toggle\" aria-expanded=\"false\">\n\t\t\t<svg aria-hidden=\"true\" role=\"presentation\" class=\"elementor-menu-toggle__icon--open e-font-icon-svg e-eicon-menu-bar\" viewBox=\"0 0 1000 1000\" xmlns=\"http:\/\/www.w3.org\/2000\/svg\"><path d=\"M104 333H896C929 333 958 304 958 271S929 208 896 208H104C71 208 42 237 42 271S71 333 104 333ZM104 583H896C929 583 958 554 958 521S929 458 896 458H104C71 458 42 487 42 521S71 583 104 583ZM104 833H896C929 833 958 804 958 771S929 708 896 708H104C71 708 42 737 42 771S71 833 104 833Z\"><\/path><\/svg><svg aria-hidden=\"true\" role=\"presentation\" class=\"elementor-menu-toggle__icon--close e-font-icon-svg e-eicon-close\" viewBox=\"0 0 1000 1000\" xmlns=\"http:\/\/www.w3.org\/2000\/svg\"><path d=\"M742 167L500 408 258 167C246 154 233 150 217 150 196 150 179 158 167 167 154 179 150 196 150 212 150 229 154 242 171 254L408 500 167 742C138 771 138 800 167 829 196 858 225 858 254 829L496 587 738 829C750 842 767 846 783 846 800 846 817 842 829 829 842 817 846 804 846 783 846 767 842 750 829 737L588 500 833 258C863 229 863 200 833 171 804 137 775 137 742 167Z\"><\/path><\/svg>\t\t<\/div>\n\t\t\t\t\t<nav class=\"elementor-nav-menu--dropdown elementor-nav-menu__container\" aria-hidden=\"true\">\n\t\t\t\t<ul id=\"menu-2-6fa13cff\" class=\"elementor-nav-menu\"><li class=\"menu-item menu-item-type-taxonomy menu-item-object-category menu-item-4179\"><a href=\"https:\/\/legalcomplianceltda.cl\/website_e6e311e6\/category\/todos\/\" class=\"elementor-item\" tabindex=\"-1\">Todos<\/a><\/li>\n<li class=\"menu-item menu-item-type-taxonomy menu-item-object-category menu-item-4124\"><a href=\"https:\/\/legalcomplianceltda.cl\/website_e6e311e6\/category\/compliance-corporativo\/\" class=\"elementor-item\" tabindex=\"-1\">Compliance Corporativo<\/a><\/li>\n<li class=\"menu-item menu-item-type-taxonomy menu-item-object-category menu-item-4125\"><a href=\"https:\/\/legalcomplianceltda.cl\/website_e6e311e6\/category\/compliance-laboral\/\" class=\"elementor-item\" tabindex=\"-1\">Compliance Laboral<\/a><\/li>\n<li class=\"menu-item menu-item-type-taxonomy menu-item-object-category menu-item-4126\"><a href=\"https:\/\/legalcomplianceltda.cl\/website_e6e311e6\/category\/novedades\/\" class=\"elementor-item\" tabindex=\"-1\">Novedades<\/a><\/li>\n<\/ul>\t\t\t<\/nav>\n\t\t\t\t\t\t<\/div>\n\t\t\t\t<\/div>\n\t\t\t\t<div class=\"elementor-element elementor-element-76511124 elementor-hidden-desktop elementor-hidden-tablet elementor-hidden-mobile elementor-grid-3 elementor-grid-tablet-2 elementor-grid-mobile-1 elementor-posts--thumbnail-top elementor-posts--show-avatar elementor-card-shadow-yes elementor-posts__hover-gradient elementor-widget elementor-widget-posts\" data-id=\"76511124\" data-element_type=\"widget\" data-e-type=\"widget\" data-settings=\"{&quot;pagination_type&quot;:&quot;prev_next&quot;,&quot;cards_masonry&quot;:&quot;yes&quot;,&quot;cards_columns&quot;:&quot;3&quot;,&quot;cards_columns_tablet&quot;:&quot;2&quot;,&quot;cards_columns_mobile&quot;:&quot;1&quot;,&quot;cards_row_gap&quot;:{&quot;unit&quot;:&quot;px&quot;,&quot;size&quot;:35,&quot;sizes&quot;:[]},&quot;cards_row_gap_tablet&quot;:{&quot;unit&quot;:&quot;px&quot;,&quot;size&quot;:&quot;&quot;,&quot;sizes&quot;:[]},&quot;cards_row_gap_mobile&quot;:{&quot;unit&quot;:&quot;px&quot;,&quot;size&quot;:&quot;&quot;,&quot;sizes&quot;:[]}}\" data-widget_type=\"posts.cards\">\n\t\t\t\t<div class=\"elementor-widget-container\">\n\t\t\t\t\t\t\t<div class=\"elementor-posts-container elementor-posts elementor-posts--skin-cards elementor-grid\" role=\"list\">\n\t\t\t\t<article class=\"elementor-post elementor-grid-item post-4475 page type-page status-publish hentry\" role=\"listitem\">\n\t\t\t<div class=\"elementor-post__card\">\n\t\t\t\t<div class=\"elementor-post__text\">\n\t\t\t\t<h3 class=\"elementor-post__title\">\n\t\t\t<a href=\"https:\/\/legalcomplianceltda.cl\/website_e6e311e6\/\" >\n\t\t\t\tInicio\t\t\t<\/a>\n\t\t<\/h3>\n\t\t\t\t<div class=\"elementor-post__excerpt\">\n\t\t\t<p>Cumplimiento Normativo Simplificado.Asesor\u00eda experta en Compliance para empresas que buscan seguridad legal y operativa.Explora Nuestros Servicios Res non verba Vemos el compliance como un motor de crecimiento En un entorno regulatorio complejo, el cumplimiento normativo es clave para la sostenibilidad y competitividad empresarial. En Legal Compliance, ofrecemos un enfoque tailor-made,<\/p>\n\t\t<\/div>\n\t\t\n\t\t<a class=\"elementor-post__read-more\" href=\"https:\/\/legalcomplianceltda.cl\/website_e6e311e6\/\" aria-label=\"Read more about Inicio\" tabindex=\"-1\" >\n\t\t\tLeer m\u00e1s \u00bb\t\t<\/a>\n\n\t\t\t\t<\/div>\n\t\t\t\t<div class=\"elementor-post__meta-data\">\n\t\t\t\t\t<span class=\"elementor-post-date\">\n\t\t\tSeptiembre 13, 2025\t\t<\/span>\n\t\t\t\t<span class=\"elementor-post-avatar\">\n\t\t\tSin Comentarios\t\t<\/span>\n\t\t\t\t<\/div>\n\t\t\t\t\t<\/div>\n\t\t<\/article>\n\t\t\t\t<\/div>\n\t\t\n\t\t\t\t\t\t<\/div>\n\t\t\t\t<\/div>\n\t\t\t\t\t<\/div>\n\t\t\t\t<\/div>\n\t\t<div class=\"elementor-element elementor-element-d6a46bb elementor-hidden-desktop elementor-hidden-tablet elementor-hidden-mobile e-flex e-con-boxed e-con e-parent\" data-id=\"d6a46bb\" data-element_type=\"container\" data-e-type=\"container\">\n\t\t\t\t\t<div class=\"e-con-inner\">\n\t\t\t\t<div class=\"elementor-element elementor-element-e6bb2b8 elementor-grid-3 elementor-grid-tablet-2 elementor-grid-mobile-1 elementor-posts--thumbnail-top elementor-posts--show-avatar elementor-card-shadow-yes elementor-posts__hover-gradient elementor-widget elementor-widget-posts\" data-id=\"e6bb2b8\" data-element_type=\"widget\" data-e-type=\"widget\" data-settings=\"{&quot;pagination_type&quot;:&quot;prev_next&quot;,&quot;cards_masonry&quot;:&quot;yes&quot;,&quot;cards_columns&quot;:&quot;3&quot;,&quot;cards_columns_tablet&quot;:&quot;2&quot;,&quot;cards_columns_mobile&quot;:&quot;1&quot;,&quot;cards_row_gap&quot;:{&quot;unit&quot;:&quot;px&quot;,&quot;size&quot;:35,&quot;sizes&quot;:[]},&quot;cards_row_gap_tablet&quot;:{&quot;unit&quot;:&quot;px&quot;,&quot;size&quot;:&quot;&quot;,&quot;sizes&quot;:[]},&quot;cards_row_gap_mobile&quot;:{&quot;unit&quot;:&quot;px&quot;,&quot;size&quot;:&quot;&quot;,&quot;sizes&quot;:[]}}\" data-widget_type=\"posts.cards\">\n\t\t\t\t<div class=\"elementor-widget-container\">\n\t\t\t\t\t\t\t<div class=\"elementor-posts-container elementor-posts elementor-posts--skin-cards elementor-grid\" role=\"list\">\n\t\t\t\t<article class=\"elementor-post elementor-grid-item post-4103 post type-post status-publish format-standard has-post-thumbnail hentry category-compliance-corporativo category-todos\" role=\"listitem\">\n\t\t\t<div class=\"elementor-post__card\">\n\t\t\t\t<a class=\"elementor-post__thumbnail__link\" href=\"https:\/\/legalcomplianceltda.cl\/website_e6e311e6\/ley-gdpr\/\" tabindex=\"-1\" ><div class=\"elementor-post__thumbnail\"><img decoding=\"async\" width=\"300\" height=\"150\" src=\"https:\/\/legalcomplianceltda.cl\/website_e6e311e6\/wp-content\/uploads\/2025\/04\/leyprotecdatos-300x150.png\" class=\"attachment-medium size-medium wp-image-4105\" alt=\"\" srcset=\"https:\/\/legalcomplianceltda.cl\/website_e6e311e6\/wp-content\/uploads\/2025\/04\/leyprotecdatos-300x150.png 300w, https:\/\/legalcomplianceltda.cl\/website_e6e311e6\/wp-content\/uploads\/2025\/04\/leyprotecdatos.png 318w\" sizes=\"(max-width: 300px) 100vw, 300px\" \/><\/div><\/a>\n\t\t\t\t<div class=\"elementor-post__badge\">Compliance Corporativo<\/div>\n\t\t\t\t<div class=\"elementor-post__avatar\">\n\t\t\t<img alt='jaime.panes' src='https:\/\/secure.gravatar.com\/avatar\/a143200bc9b7fea50404177c595f7c32d98b7497c4768ffa33a5ead03e816f5e?s=128&#038;d=mm&#038;r=g' srcset='https:\/\/secure.gravatar.com\/avatar\/a143200bc9b7fea50404177c595f7c32d98b7497c4768ffa33a5ead03e816f5e?s=256&#038;d=mm&#038;r=g 2x' class='avatar avatar-128 photo' height='128' width='128' \/>\t\t<\/div>\n\t\t\t\t<div class=\"elementor-post__text\">\n\t\t\t\t<h3 class=\"elementor-post__title\">\n\t\t\t<a href=\"https:\/\/legalcomplianceltda.cl\/website_e6e311e6\/ley-gdpr\/\" >\n\t\t\t\tLey GDPR\t\t\t<\/a>\n\t\t<\/h3>\n\t\t\t\t<div class=\"elementor-post__excerpt\">\n\t\t\t<p>El tratamiento indebido de los datos personales puede dar lugar a una indemnizaci\u00f3n por da\u00f1o patrimonial y moral<\/p>\t\t<\/div>\n\t\t\n\t\t<a class=\"elementor-post__read-more\" href=\"https:\/\/legalcomplianceltda.cl\/website_e6e311e6\/ley-gdpr\/\" aria-label=\"Read more about Ley GDPR\" tabindex=\"-1\" >\n\t\t\tLeer m\u00e1s \u00bb\t\t<\/a>\n\n\t\t\t\t<\/div>\n\t\t\t\t<div class=\"elementor-post__meta-data\">\n\t\t\t\t\t<span class=\"elementor-post-date\">\n\t\t\tAbril 4, 2025\t\t<\/span>\n\t\t\t\t<span class=\"elementor-post-avatar\">\n\t\t\tSin Comentarios\t\t<\/span>\n\t\t\t\t<\/div>\n\t\t\t\t\t<\/div>\n\t\t<\/article>\n\t\t\t\t<article class=\"elementor-post elementor-grid-item post-4091 post type-post status-publish format-standard has-post-thumbnail hentry category-todos category-uncategorized\" role=\"listitem\">\n\t\t\t<div class=\"elementor-post__card\">\n\t\t\t\t<a class=\"elementor-post__thumbnail__link\" href=\"https:\/\/legalcomplianceltda.cl\/website_e6e311e6\/ley-karin\/\" tabindex=\"-1\" ><div class=\"elementor-post__thumbnail\"><img decoding=\"async\" width=\"300\" height=\"156\" src=\"https:\/\/legalcomplianceltda.cl\/website_e6e311e6\/wp-content\/uploads\/2025\/04\/leykarin-300x156.png\" class=\"attachment-medium size-medium wp-image-4093\" alt=\"\" srcset=\"https:\/\/legalcomplianceltda.cl\/website_e6e311e6\/wp-content\/uploads\/2025\/04\/leykarin-300x156.png 300w, https:\/\/legalcomplianceltda.cl\/website_e6e311e6\/wp-content\/uploads\/2025\/04\/leykarin.png 312w\" sizes=\"(max-width: 300px) 100vw, 300px\" \/><\/div><\/a>\n\t\t\t\t<div class=\"elementor-post__badge\">Todos<\/div>\n\t\t\t\t<div class=\"elementor-post__avatar\">\n\t\t\t<img alt='jaime.panes' src='https:\/\/secure.gravatar.com\/avatar\/a143200bc9b7fea50404177c595f7c32d98b7497c4768ffa33a5ead03e816f5e?s=128&#038;d=mm&#038;r=g' srcset='https:\/\/secure.gravatar.com\/avatar\/a143200bc9b7fea50404177c595f7c32d98b7497c4768ffa33a5ead03e816f5e?s=256&#038;d=mm&#038;r=g 2x' class='avatar avatar-128 photo' height='128' width='128' \/>\t\t<\/div>\n\t\t\t\t<div class=\"elementor-post__text\">\n\t\t\t\t<h3 class=\"elementor-post__title\">\n\t\t\t<a href=\"https:\/\/legalcomplianceltda.cl\/website_e6e311e6\/ley-karin\/\" >\n\t\t\t\tLey Karin\t\t\t<\/a>\n\t\t<\/h3>\n\t\t\t\t<div class=\"elementor-post__excerpt\">\n\t\t\t<p>La Ley Karin (Ley N\u00b0 21.643) es una normativa chilena que protege a los trabajadores de la violencia y el acoso laboral y sexual. Esta ley se public\u00f3 en el Diario Oficial el 15 de enero de 2024. <\/p>\t\t<\/div>\n\t\t\n\t\t<a class=\"elementor-post__read-more\" href=\"https:\/\/legalcomplianceltda.cl\/website_e6e311e6\/ley-karin\/\" aria-label=\"Read more about Ley Karin\" tabindex=\"-1\" >\n\t\t\tLeer m\u00e1s \u00bb\t\t<\/a>\n\n\t\t\t\t<\/div>\n\t\t\t\t<div class=\"elementor-post__meta-data\">\n\t\t\t\t\t<span class=\"elementor-post-date\">\n\t\t\tAbril 4, 2025\t\t<\/span>\n\t\t\t\t<span class=\"elementor-post-avatar\">\n\t\t\tSin Comentarios\t\t<\/span>\n\t\t\t\t<\/div>\n\t\t\t\t\t<\/div>\n\t\t<\/article>\n\t\t\t\t<article class=\"elementor-post elementor-grid-item post-4086 post type-post status-publish format-standard has-post-thumbnail hentry category-compliance-corporativo category-todos\" role=\"listitem\">\n\t\t\t<div class=\"elementor-post__card\">\n\t\t\t\t<a class=\"elementor-post__thumbnail__link\" href=\"https:\/\/legalcomplianceltda.cl\/website_e6e311e6\/resp-penal-juridica\/\" tabindex=\"-1\" ><div class=\"elementor-post__thumbnail\"><img fetchpriority=\"high\" decoding=\"async\" width=\"300\" height=\"198\" src=\"https:\/\/legalcomplianceltda.cl\/website_e6e311e6\/wp-content\/uploads\/2025\/03\/pexels-jeswin-700971-300x198.jpg\" class=\"attachment-medium size-medium wp-image-2523\" alt=\"\" srcset=\"https:\/\/legalcomplianceltda.cl\/website_e6e311e6\/wp-content\/uploads\/2025\/03\/pexels-jeswin-700971-300x198.jpg 300w, https:\/\/legalcomplianceltda.cl\/website_e6e311e6\/wp-content\/uploads\/2025\/03\/pexels-jeswin-700971-1024x675.jpg 1024w, https:\/\/legalcomplianceltda.cl\/website_e6e311e6\/wp-content\/uploads\/2025\/03\/pexels-jeswin-700971-768x506.jpg 768w, https:\/\/legalcomplianceltda.cl\/website_e6e311e6\/wp-content\/uploads\/2025\/03\/pexels-jeswin-700971-1536x1013.jpg 1536w\" sizes=\"(max-width: 300px) 100vw, 300px\" \/><\/div><\/a>\n\t\t\t\t<div class=\"elementor-post__badge\">Compliance Corporativo<\/div>\n\t\t\t\t<div class=\"elementor-post__avatar\">\n\t\t\t<img alt='jaime.panes' src='https:\/\/secure.gravatar.com\/avatar\/a143200bc9b7fea50404177c595f7c32d98b7497c4768ffa33a5ead03e816f5e?s=128&#038;d=mm&#038;r=g' srcset='https:\/\/secure.gravatar.com\/avatar\/a143200bc9b7fea50404177c595f7c32d98b7497c4768ffa33a5ead03e816f5e?s=256&#038;d=mm&#038;r=g 2x' class='avatar avatar-128 photo' height='128' width='128' \/>\t\t<\/div>\n\t\t\t\t<div class=\"elementor-post__text\">\n\t\t\t\t<h3 class=\"elementor-post__title\">\n\t\t\t<a href=\"https:\/\/legalcomplianceltda.cl\/website_e6e311e6\/resp-penal-juridica\/\" >\n\t\t\t\tResponsabilidad Penal de las Personas Jur\u00eddicas\t\t\t<\/a>\n\t\t<\/h3>\n\t\t\t\t<div class=\"elementor-post__excerpt\">\n\t\t\t<p>Lorem Ipsum es simplemente el texto de relleno de las imprentas y archivos de texto. Lorem Ipsum ha sido el texto de relleno est\u00e1ndar de las industrias desde el a\u00f1o 1500, cuando un impresor (N. del T. persona que se dedica a la imprenta) desconocido us\u00f3 una galer\u00eda de textos\t\t<\/div>\n\t\t\n\t\t<a class=\"elementor-post__read-more\" href=\"https:\/\/legalcomplianceltda.cl\/website_e6e311e6\/resp-penal-juridica\/\" aria-label=\"Read more about Responsabilidad Penal de las Personas Jur\u00eddicas\" tabindex=\"-1\" >\n\t\t\tLeer m\u00e1s \u00bb\t\t<\/a>\n\n\t\t\t\t<\/div>\n\t\t\t\t<div class=\"elementor-post__meta-data\">\n\t\t\t\t\t<span class=\"elementor-post-date\">\n\t\t\tAbril 4, 2025\t\t<\/span>\n\t\t\t\t<span class=\"elementor-post-avatar\">\n\t\t\tSin Comentarios\t\t<\/span>\n\t\t\t\t<\/div>\n\t\t\t\t\t<\/div>\n\t\t<\/article>\n\t\t\t\t<article class=\"elementor-post elementor-grid-item post-4080 post type-post status-publish format-standard has-post-thumbnail hentry category-compliance-laboral category-todos\" role=\"listitem\">\n\t\t\t<div class=\"elementor-post__card\">\n\t\t\t\t<a class=\"elementor-post__thumbnail__link\" href=\"https:\/\/legalcomplianceltda.cl\/website_e6e311e6\/comp-laboral\/\" tabindex=\"-1\" ><div class=\"elementor-post__thumbnail\"><img loading=\"lazy\" decoding=\"async\" width=\"300\" height=\"166\" src=\"https:\/\/legalcomplianceltda.cl\/website_e6e311e6\/wp-content\/uploads\/2024\/08\/istockphoto-1983429400-612x612-1-300x166.jpg\" class=\"attachment-medium size-medium wp-image-45\" alt=\"\" srcset=\"https:\/\/legalcomplianceltda.cl\/website_e6e311e6\/wp-content\/uploads\/2024\/08\/istockphoto-1983429400-612x612-1-300x166.jpg 300w, https:\/\/legalcomplianceltda.cl\/website_e6e311e6\/wp-content\/uploads\/2024\/08\/istockphoto-1983429400-612x612-1.jpg 612w\" sizes=\"(max-width: 300px) 100vw, 300px\" \/><\/div><\/a>\n\t\t\t\t<div class=\"elementor-post__badge\">Compliance Laboral<\/div>\n\t\t\t\t<div class=\"elementor-post__avatar\">\n\t\t\t<img alt='jaime.panes' src='https:\/\/secure.gravatar.com\/avatar\/a143200bc9b7fea50404177c595f7c32d98b7497c4768ffa33a5ead03e816f5e?s=128&#038;d=mm&#038;r=g' srcset='https:\/\/secure.gravatar.com\/avatar\/a143200bc9b7fea50404177c595f7c32d98b7497c4768ffa33a5ead03e816f5e?s=256&#038;d=mm&#038;r=g 2x' class='avatar avatar-128 photo' height='128' width='128' \/>\t\t<\/div>\n\t\t\t\t<div class=\"elementor-post__text\">\n\t\t\t\t<h3 class=\"elementor-post__title\">\n\t\t\t<a href=\"https:\/\/legalcomplianceltda.cl\/website_e6e311e6\/comp-laboral\/\" >\n\t\t\t\tCompliance Laboral\t\t\t<\/a>\n\t\t<\/h3>\n\t\t\t\t<div class=\"elementor-post__excerpt\">\n\t\t\t<p>El Compliance Laboral garantiza el cumplimiento de las normas laborales, previene sanciones y promueve ambientes de trabajo \u00e9ticos y seguros. Fortalece la cultura organizacional, protege a la empresa y genera confianza entre trabajadores y empleadores.<\/p>\t\t<\/div>\n\t\t\n\t\t<a class=\"elementor-post__read-more\" href=\"https:\/\/legalcomplianceltda.cl\/website_e6e311e6\/comp-laboral\/\" aria-label=\"Read more about Compliance Laboral\" tabindex=\"-1\" >\n\t\t\tLeer m\u00e1s \u00bb\t\t<\/a>\n\n\t\t\t\t<\/div>\n\t\t\t\t<div class=\"elementor-post__meta-data\">\n\t\t\t\t\t<span class=\"elementor-post-date\">\n\t\t\tAbril 4, 2025\t\t<\/span>\n\t\t\t\t<span class=\"elementor-post-avatar\">\n\t\t\tSin Comentarios\t\t<\/span>\n\t\t\t\t<\/div>\n\t\t\t\t\t<\/div>\n\t\t<\/article>\n\t\t\t\t<\/div>\n\t\t\n\t\t\t\t\t\t<\/div>\n\t\t\t\t<\/div>\n\t\t\t\t\t<\/div>\n\t\t\t\t<\/div>\n\t\t\t\t<\/div>\n\t\t","protected":false},"excerpt":{"rendered":"<p>Conocimiento y Tendencias en Compliance Art\u00edculos, an\u00e1lisis y novedades sobre normativas, regulaciones y mejores pr\u00e1cticas En esta secci\u00f3n encontrar\u00e1s art\u00edculos, an\u00e1lisis y gu\u00edas sobre cumplimiento normativo, regulaciones, buenas pr\u00e1cticas y tendencias. Nuestro objetivo es ofrecer contenido actualizado y \u00fatil para apoyar a organizaciones y profesionales en sus decisiones y en el fortalecimiento de sus programas [&hellip;]<\/p>\n","protected":false},"author":1,"featured_media":0,"parent":0,"menu_order":0,"comment_status":"closed","ping_status":"closed","template":"","meta":{"nf_dc_page":"","footnotes":""},"class_list":["post-253","page","type-page","status-publish","hentry"],"_links":{"self":[{"href":"https:\/\/legalcomplianceltda.cl\/website_e6e311e6\/wp-json\/wp\/v2\/pages\/253","targetHints":{"allow":["GET"]}}],"collection":[{"href":"https:\/\/legalcomplianceltda.cl\/website_e6e311e6\/wp-json\/wp\/v2\/pages"}],"about":[{"href":"https:\/\/legalcomplianceltda.cl\/website_e6e311e6\/wp-json\/wp\/v2\/types\/page"}],"author":[{"embeddable":true,"href":"https:\/\/legalcomplianceltda.cl\/website_e6e311e6\/wp-json\/wp\/v2\/users\/1"}],"replies":[{"embeddable":true,"href":"https:\/\/legalcomplianceltda.cl\/website_e6e311e6\/wp-json\/wp\/v2\/comments?post=253"}],"version-history":[{"count":20,"href":"https:\/\/legalcomplianceltda.cl\/website_e6e311e6\/wp-json\/wp\/v2\/pages\/253\/revisions"}],"predecessor-version":[{"id":4922,"href":"https:\/\/legalcomplianceltda.cl\/website_e6e311e6\/wp-json\/wp\/v2\/pages\/253\/revisions\/4922"}],"wp:attachment":[{"href":"https:\/\/legalcomplianceltda.cl\/website_e6e311e6\/wp-json\/wp\/v2\/media?parent=253"}],"curies":[{"name":"wp","href":"https:\/\/api.w.org\/{rel}","templated":true}]}}